{"id":7,"date":"2025-06-29T11:10:34","date_gmt":"2025-06-29T16:10:34","guid":{"rendered":"https:\/\/asprasar.com.co\/?page_id=7"},"modified":"2025-06-29T14:32:44","modified_gmt":"2025-06-29T19:32:44","slug":"inicio","status":"publish","type":"page","link":"https:\/\/asprasar.com.co\/","title":{"rendered":"Inicio"},"content":{"rendered":"\n<div class=\"wp-block-cover alignfull\" style=\"min-height:800px;aspect-ratio:unset;\"><img loading=\"lazy\" decoding=\"async\" width=\"1600\" height=\"1200\" class=\"wp-block-cover__image-background wp-image-47 size-full\" alt=\"\" src=\"https:\/\/asprasar.com.co\/wp-content\/uploads\/2025\/06\/Imagen-de-WhatsApp-2025-06-27-a-las-17.11.15_8e8036fd.jpg\" style=\"object-position:54% 100%\" data-object-fit=\"cover\" data-object-position=\"54% 100%\" srcset=\"https:\/\/asprasar.com.co\/wp-content\/uploads\/2025\/06\/Imagen-de-WhatsApp-2025-06-27-a-las-17.11.15_8e8036fd.jpg 1600w, https:\/\/asprasar.com.co\/wp-content\/uploads\/2025\/06\/Imagen-de-WhatsApp-2025-06-27-a-las-17.11.15_8e8036fd-300x225.jpg 300w, https:\/\/asprasar.com.co\/wp-content\/uploads\/2025\/06\/Imagen-de-WhatsApp-2025-06-27-a-las-17.11.15_8e8036fd-1024x768.jpg 1024w, https:\/\/asprasar.com.co\/wp-content\/uploads\/2025\/06\/Imagen-de-WhatsApp-2025-06-27-a-las-17.11.15_8e8036fd-768x576.jpg 768w, https:\/\/asprasar.com.co\/wp-content\/uploads\/2025\/06\/Imagen-de-WhatsApp-2025-06-27-a-las-17.11.15_8e8036fd-1536x1152.jpg 1536w\" sizes=\"auto, (max-width: 1600px) 100vw, 1600px\" \/><span aria-hidden=\"true\" class=\"wp-block-cover__background has-background-dim-0 has-background-dim\"><\/span><div class=\"wp-block-cover__inner-container is-layout-flow wp-block-cover-is-layout-flow\">\n<p class=\"has-text-align-center has-large-font-size\"><\/p>\n<\/div><\/div>\n\n\n\n<div style=\"height:40px\" aria-hidden=\"true\" class=\"wp-block-spacer\"><\/div>\n\n\n\n<div class=\"wp-block-columns is-layout-flex wp-container-core-columns-is-layout-9d6595d7 wp-block-columns-is-layout-flex\">\n<div class=\"wp-block-column neve-duotone is-layout-flow wp-block-column-is-layout-flow\" style=\"padding-right:var(--wp--preset--spacing--30);padding-left:var(--wp--preset--spacing--30)\"><div class=\"wp-block-image icon-style is-style-default wp-duotone-unset-1\">\n<figure class=\"aligncenter size-full has-custom-border\"><a href=\"#mision\"><img loading=\"lazy\" decoding=\"async\" width=\"79\" height=\"85\" src=\"https:\/\/asprasar.com.co\/wp-content\/uploads\/2025\/06\/Cafe.png\" alt=\"\" class=\"wp-image-68\" style=\"border-radius:0px\" title=\"\"\/><\/a><\/figure><\/div>\n\n\n<div style=\"height:16px\" aria-hidden=\"true\" class=\"wp-block-spacer\"><\/div>\n\n\n\n<h3 class=\"wp-block-heading has-text-align-center has-neve-text-color-color has-text-color has-medium-font-size\">Mision<\/h3>\n\n\n\n<p class=\"has-text-align-center\"><\/p>\n\n\n\n<div style=\"height:20px\" aria-hidden=\"true\" class=\"wp-block-spacer\"><\/div>\n<\/div>\n\n\n\n<div class=\"wp-block-column is-layout-flow wp-block-column-is-layout-flow\" style=\"padding-right:var(--wp--preset--spacing--30);padding-left:var(--wp--preset--spacing--30)\"><div class=\"wp-block-image icon-style is-style-default\">\n<figure class=\"aligncenter size-full has-custom-border\"><a href=\"#vision\"><img loading=\"lazy\" decoding=\"async\" width=\"79\" height=\"85\" src=\"https:\/\/asprasar.com.co\/wp-content\/uploads\/2025\/06\/Cafe.png\" alt=\"\" class=\"wp-image-68\" style=\"border-radius:0px\" title=\"\"\/><\/a><\/figure><\/div>\n\n\n<div style=\"height:16px\" aria-hidden=\"true\" class=\"wp-block-spacer\"><\/div>\n\n\n\n<h3 class=\"wp-block-heading has-text-align-center has-neve-text-color-color has-text-color has-medium-font-size\">Vision<\/h3>\n\n\n\n<p class=\"has-text-align-center\"><\/p>\n\n\n\n<div style=\"height:20px\" aria-hidden=\"true\" class=\"wp-block-spacer\"><\/div>\n<\/div>\n\n\n\n<div class=\"wp-block-column is-layout-flow wp-block-column-is-layout-flow\" style=\"padding-right:var(--wp--preset--spacing--30);padding-left:var(--wp--preset--spacing--30)\"><div class=\"wp-block-image icon-style is-style-default wp-duotone-unset-2\">\n<figure class=\"aligncenter size-full has-custom-border\"><a href=\"#productos\"><img loading=\"lazy\" decoding=\"async\" width=\"79\" height=\"85\" src=\"https:\/\/asprasar.com.co\/wp-content\/uploads\/2025\/06\/Cafe.png\" alt=\"\" class=\"wp-image-68\" style=\"border-radius:0px\" title=\"\"\/><\/a><\/figure><\/div>\n\n\n<div style=\"height:16px\" aria-hidden=\"true\" class=\"wp-block-spacer\"><\/div>\n\n\n\n<h3 class=\"wp-block-heading has-text-align-center has-neve-text-color-color has-text-color has-medium-font-size\">Productos y servicios<\/h3>\n\n\n\n<p class=\"has-text-align-center\"><\/p>\n\n\n\n<div style=\"height:20px\" aria-hidden=\"true\" class=\"wp-block-spacer\"><\/div>\n<\/div>\n\n\n\n<div class=\"wp-block-column is-layout-flow wp-block-column-is-layout-flow\"><\/div>\n<\/div>\n\n\n\n<div class=\"wp-block-cover alignfull\" style=\"min-height:1084px;aspect-ratio:unset;\"><span aria-hidden=\"true\" class=\"wp-block-cover__background has-nv-light-bg-background-color has-background-dim-80 has-background-dim\"><\/span><div class=\"wp-block-cover__inner-container is-layout-flow wp-block-cover-is-layout-flow\">\n<div class=\"wp-block-group\"><div class=\"wp-block-group__inner-container is-layout-flow wp-block-group-is-layout-flow\">\n<div class=\"wp-block-columns is-layout-flex wp-container-core-columns-is-layout-9d6595d7 wp-block-columns-is-layout-flex\">\n<div class=\"wp-block-column is-layout-flow wp-block-column-is-layout-flow\" style=\"padding-right:0;padding-left:0;flex-basis:20%\">\n<div class=\"wp-block-group is-vertical is-content-justification-center is-layout-flex wp-container-core-group-is-layout-4b2eccd6 wp-block-group-is-layout-flex\"><\/div>\n<\/div>\n\n\n\n<div class=\"wp-block-column is-layout-flow wp-block-column-is-layout-flow\" style=\"flex-basis:60%\">\n<div class=\"wp-block-group is-vertical is-content-justification-center is-layout-flex wp-container-core-group-is-layout-4b2eccd6 wp-block-group-is-layout-flex\">\n<h2 class=\"wp-block-heading has-text-align-center has-neve-text-color-color has-text-color has-link-color has-x-large-font-size wp-elements-7c2581bae133fa196f12d0663921432d\" id=\"mision\">Misi\u00f3n<\/h2>\n\n\n\n<p class=\"has-text-align-center has-neve-text-color-color has-text-color has-link-color has-medium-font-size wp-elements-7a2ef9c0c1ef74dae534ddb8b1e061cc\">Somos una organizaci\u00f3n sostenible de peque\u00f1os y medianos productores agricolas con enfoque empresarial que se encarga de prest\u00e1r servicios de producci\u00f3n, comercializaci\u00f3n y acompa\u00f1amiento ofertando al mercado productos de calidad.<\/p>\n\n\n\n<div style=\"height:0px\" aria-hidden=\"true\" class=\"wp-block-spacer wp-container-content-541a6b20\"><\/div>\n<\/div>\n<\/div>\n\n\n\n<div class=\"wp-block-column is-layout-flow wp-block-column-is-layout-flow\" style=\"flex-basis:20%\">\n<div class=\"wp-block-group is-vertical is-content-justification-center is-layout-flex wp-container-core-group-is-layout-4b2eccd6 wp-block-group-is-layout-flex\"><\/div>\n<\/div>\n<\/div>\n\n\n\n<div class=\"wp-block-columns are-vertically-aligned-center is-layout-flex wp-container-core-columns-is-layout-9d6595d7 wp-block-columns-is-layout-flex\">\n<div class=\"wp-block-column is-vertically-aligned-center is-layout-flow wp-block-column-is-layout-flow\" style=\"padding-right:var(--wp--preset--spacing--30);padding-left:var(--wp--preset--spacing--30);flex-basis:50%\"><div class=\"wp-block-image\">\n<figure class=\"aligncenter size-full is-resized has-custom-border\"><img loading=\"lazy\" decoding=\"async\" width=\"640\" height=\"640\" src=\"https:\/\/asprasar.com.co\/wp-content\/uploads\/2025\/06\/Imagen-de-WhatsApp-2025-06-27-a-las-17.11.03_6297e2f7-1.jpg\" alt=\"\" class=\"wp-image-56\" style=\"border-radius:16px;width:416px;height:auto\" srcset=\"https:\/\/asprasar.com.co\/wp-content\/uploads\/2025\/06\/Imagen-de-WhatsApp-2025-06-27-a-las-17.11.03_6297e2f7-1.jpg 640w, https:\/\/asprasar.com.co\/wp-content\/uploads\/2025\/06\/Imagen-de-WhatsApp-2025-06-27-a-las-17.11.03_6297e2f7-1-300x300.jpg 300w, https:\/\/asprasar.com.co\/wp-content\/uploads\/2025\/06\/Imagen-de-WhatsApp-2025-06-27-a-las-17.11.03_6297e2f7-1-150x150.jpg 150w\" sizes=\"auto, (max-width: 640px) 100vw, 640px\" \/><\/figure><\/div><\/div>\n\n\n\n<div class=\"wp-block-column is-vertically-aligned-center is-layout-flow wp-block-column-is-layout-flow\" style=\"padding-right:var(--wp--preset--spacing--30);padding-left:var(--wp--preset--spacing--30);flex-basis:50%\">\n<figure class=\"wp-block-image size-full has-custom-border\"><img loading=\"lazy\" decoding=\"async\" width=\"1599\" height=\"899\" src=\"https:\/\/asprasar.com.co\/wp-content\/uploads\/2025\/06\/Imagen-de-WhatsApp-2025-06-27-a-las-17.07.23_e6a93252.jpg\" alt=\"\" class=\"wp-image-59\" style=\"border-radius:16px\" srcset=\"https:\/\/asprasar.com.co\/wp-content\/uploads\/2025\/06\/Imagen-de-WhatsApp-2025-06-27-a-las-17.07.23_e6a93252.jpg 1599w, https:\/\/asprasar.com.co\/wp-content\/uploads\/2025\/06\/Imagen-de-WhatsApp-2025-06-27-a-las-17.07.23_e6a93252-300x169.jpg 300w, https:\/\/asprasar.com.co\/wp-content\/uploads\/2025\/06\/Imagen-de-WhatsApp-2025-06-27-a-las-17.07.23_e6a93252-1024x576.jpg 1024w, https:\/\/asprasar.com.co\/wp-content\/uploads\/2025\/06\/Imagen-de-WhatsApp-2025-06-27-a-las-17.07.23_e6a93252-768x432.jpg 768w, https:\/\/asprasar.com.co\/wp-content\/uploads\/2025\/06\/Imagen-de-WhatsApp-2025-06-27-a-las-17.07.23_e6a93252-1536x864.jpg 1536w\" sizes=\"auto, (max-width: 1599px) 100vw, 1599px\" \/><\/figure>\n\n\n\n<div style=\"height:24px\" aria-hidden=\"true\" class=\"wp-block-spacer\"><\/div>\n\n\n\n<div style=\"height:40px\" aria-hidden=\"true\" class=\"wp-block-spacer\"><\/div>\n<\/div>\n<\/div>\n<\/div><\/div>\n<\/div><\/div>\n\n\n\n<div class=\"wp-block-cover alignfull\" style=\"min-height:600px;aspect-ratio:unset;\"><span aria-hidden=\"true\" class=\"wp-block-cover__background has-nv-light-bg-background-color has-background-dim-80 has-background-dim\"><\/span><div class=\"wp-block-cover__inner-container is-layout-flow wp-block-cover-is-layout-flow\">\n<div class=\"wp-block-group\"><div class=\"wp-block-group__inner-container is-layout-flow wp-block-group-is-layout-flow\">\n<div class=\"wp-block-columns is-layout-flex wp-container-core-columns-is-layout-9d6595d7 wp-block-columns-is-layout-flex\">\n<div class=\"wp-block-column is-layout-flow wp-block-column-is-layout-flow\" style=\"padding-right:0;padding-left:0;flex-basis:20%\">\n<div class=\"wp-block-group is-vertical is-content-justification-center is-layout-flex wp-container-core-group-is-layout-4b2eccd6 wp-block-group-is-layout-flex\"><\/div>\n<\/div>\n\n\n\n<div class=\"wp-block-column is-layout-flow wp-block-column-is-layout-flow\" style=\"flex-basis:60%\">\n<div class=\"wp-block-group is-vertical is-content-justification-center is-layout-flex wp-container-core-group-is-layout-4b2eccd6 wp-block-group-is-layout-flex\">\n<h2 class=\"wp-block-heading has-text-align-center has-neve-text-color-color has-text-color has-link-color has-x-large-font-size wp-elements-d2c4c57b291977b092d221d0c211f337\" id=\"vision\">Visi\u00f3n<\/h2>\n\n\n\n<p class=\"has-text-align-center has-neve-text-color-color has-text-color has-link-color has-medium-font-size wp-elements-a333adddfa6052ac6abd8dc03da47f32 wp-container-content-9cfa9a5a\">Seremos la primera asociaci\u00f3n de peque\u00f1os y medianos productores agricolas de la regi\u00f3n que proteja su medio ambiente y en la que piense un comprador cuando necesite un producto de excelente calidad, entregado con responsabilidad y eficiencia.<\/p>\n\n\n\n<div style=\"height:0px\" aria-hidden=\"true\" class=\"wp-block-spacer wp-container-content-541a6b20\"><\/div>\n<\/div>\n<\/div>\n\n\n\n<div class=\"wp-block-column is-layout-flow wp-block-column-is-layout-flow\" style=\"flex-basis:20%\">\n<div class=\"wp-block-group is-vertical is-content-justification-center is-layout-flex wp-container-core-group-is-layout-4b2eccd6 wp-block-group-is-layout-flex\"><\/div>\n<\/div>\n<\/div>\n\n\n\n<div class=\"wp-block-columns are-vertically-aligned-center is-layout-flex wp-container-core-columns-is-layout-9d6595d7 wp-block-columns-is-layout-flex\">\n<div class=\"wp-block-column is-vertically-aligned-center is-layout-flow wp-block-column-is-layout-flow\" style=\"padding-right:var(--wp--preset--spacing--30);padding-left:var(--wp--preset--spacing--30);flex-basis:50%\">\n<figure class=\"wp-block-image size-full has-custom-border\"><img loading=\"lazy\" decoding=\"async\" width=\"1600\" height=\"1200\" src=\"https:\/\/asprasar.com.co\/wp-content\/uploads\/2025\/06\/Imagen-de-WhatsApp-2025-06-27-a-las-17.11.15_2f55aa13.jpg\" alt=\"\" class=\"wp-image-63\" style=\"border-radius:16px\" srcset=\"https:\/\/asprasar.com.co\/wp-content\/uploads\/2025\/06\/Imagen-de-WhatsApp-2025-06-27-a-las-17.11.15_2f55aa13.jpg 1600w, https:\/\/asprasar.com.co\/wp-content\/uploads\/2025\/06\/Imagen-de-WhatsApp-2025-06-27-a-las-17.11.15_2f55aa13-300x225.jpg 300w, https:\/\/asprasar.com.co\/wp-content\/uploads\/2025\/06\/Imagen-de-WhatsApp-2025-06-27-a-las-17.11.15_2f55aa13-1024x768.jpg 1024w, https:\/\/asprasar.com.co\/wp-content\/uploads\/2025\/06\/Imagen-de-WhatsApp-2025-06-27-a-las-17.11.15_2f55aa13-768x576.jpg 768w, https:\/\/asprasar.com.co\/wp-content\/uploads\/2025\/06\/Imagen-de-WhatsApp-2025-06-27-a-las-17.11.15_2f55aa13-1536x1152.jpg 1536w\" sizes=\"auto, (max-width: 1600px) 100vw, 1600px\" \/><\/figure>\n<\/div>\n\n\n\n<div class=\"wp-block-column is-vertically-aligned-center is-layout-flow wp-block-column-is-layout-flow\" style=\"padding-right:var(--wp--preset--spacing--30);padding-left:var(--wp--preset--spacing--30);flex-basis:50%\">\n<figure class=\"wp-block-image size-full has-custom-border\"><img loading=\"lazy\" decoding=\"async\" width=\"1600\" height=\"1200\" src=\"https:\/\/asprasar.com.co\/wp-content\/uploads\/2025\/06\/Imagen-de-WhatsApp-2025-06-27-a-las-17.11.14_b443fd35.jpg\" alt=\"\" class=\"wp-image-64\" style=\"border-radius:16px\" srcset=\"https:\/\/asprasar.com.co\/wp-content\/uploads\/2025\/06\/Imagen-de-WhatsApp-2025-06-27-a-las-17.11.14_b443fd35.jpg 1600w, https:\/\/asprasar.com.co\/wp-content\/uploads\/2025\/06\/Imagen-de-WhatsApp-2025-06-27-a-las-17.11.14_b443fd35-300x225.jpg 300w, https:\/\/asprasar.com.co\/wp-content\/uploads\/2025\/06\/Imagen-de-WhatsApp-2025-06-27-a-las-17.11.14_b443fd35-1024x768.jpg 1024w, https:\/\/asprasar.com.co\/wp-content\/uploads\/2025\/06\/Imagen-de-WhatsApp-2025-06-27-a-las-17.11.14_b443fd35-768x576.jpg 768w, https:\/\/asprasar.com.co\/wp-content\/uploads\/2025\/06\/Imagen-de-WhatsApp-2025-06-27-a-las-17.11.14_b443fd35-1536x1152.jpg 1536w\" sizes=\"auto, (max-width: 1600px) 100vw, 1600px\" \/><\/figure>\n\n\n\n<div style=\"height:24px\" aria-hidden=\"true\" class=\"wp-block-spacer\"><\/div>\n\n\n\n<div style=\"height:40px\" aria-hidden=\"true\" class=\"wp-block-spacer\"><\/div>\n<\/div>\n<\/div>\n<\/div><\/div>\n<\/div><\/div>\n\n\n\n<div class=\"wp-block-cover alignfull\" style=\"min-height:600px;aspect-ratio:unset;\"><span aria-hidden=\"true\" class=\"wp-block-cover__background has-nv-site-bg-background-color has-background-dim-100 has-background-dim\"><\/span><div class=\"wp-block-cover__inner-container is-layout-flow wp-block-cover-is-layout-flow\">\n<div class=\"wp-block-group\"><div class=\"wp-block-group__inner-container is-layout-flow wp-block-group-is-layout-flow\">\n<div class=\"wp-block-columns are-vertically-aligned-top is-not-stacked-on-mobile is-layout-flex wp-container-core-columns-is-layout-9d6595d7 wp-block-columns-is-layout-flex\">\n<div class=\"wp-block-column is-vertically-aligned-top has-border-color has-nv-dark-bg-border-color is-layout-flow wp-block-column-is-layout-flow\" style=\"border-width:8px;padding-top:var(--wp--preset--spacing--20);padding-right:var(--wp--preset--spacing--30);padding-bottom:var(--wp--preset--spacing--20);padding-left:var(--wp--preset--spacing--30);flex-basis:50%\">\n<ul class=\"wp-block-list\">\n<li class=\"has-nv-dark-bg-color has-text-color has-link-color has-medium-font-size wp-elements-a230cf4e0180712588204489f62331f1\">Compras de caf\u00e9 especiales y certificados.<\/li>\n<\/ul>\n\n\n\n<ul class=\"wp-block-list\">\n<li class=\"has-nv-dark-bg-color has-text-color has-link-color has-medium-font-size wp-elements-104fed0fef7a9e87b41cdd68dc081492\">Cafe diferenciado que contribuye al desarrollo sostenible y mejoramiento de la vida de los caficultores de Bilbao Tolima.<\/li>\n<\/ul>\n<\/div>\n\n\n\n<div class=\"wp-block-column is-vertically-aligned-top is-layout-flow wp-block-column-is-layout-flow\" style=\"padding-right:var(--wp--preset--spacing--30);padding-left:var(--wp--preset--spacing--30);flex-basis:50%\">\n<div style=\"height:20px\" aria-hidden=\"true\" class=\"wp-block-spacer\"><\/div>\n\n\n\n<h2 class=\"wp-block-heading has-text-align-center has-neve-text-color-color has-text-color has-large-font-size\" id=\"productos\">Productos y Servicios<\/h2>\n\n\n\n<p class=\"has-text-align-left has-neve-text-color-color has-text-color\" style=\"font-size:17px\">.<\/p>\n<\/div>\n<\/div>\n\n\n\n<div class=\"wp-block-columns are-vertically-aligned-center is-not-stacked-on-mobile is-layout-flex wp-container-core-columns-is-layout-9d6595d7 wp-block-columns-is-layout-flex\">\n<div class=\"wp-block-column is-vertically-aligned-center is-layout-flow wp-block-column-is-layout-flow\" style=\"padding-right:var(--wp--preset--spacing--30);padding-left:var(--wp--preset--spacing--30);flex-basis:50%\">\n<div style=\"height:20px\" aria-hidden=\"true\" class=\"wp-block-spacer\"><\/div>\n\n\n\n<h2 class=\"wp-block-heading has-text-align-center has-neve-text-color-color has-text-color has-large-font-size\">Beneficios<\/h2>\n\n\n\n<div class=\"wp-block-buttons has-custom-font-size has-small-font-size is-content-justification-left is-layout-flex wp-container-core-buttons-is-layout-fdcfc74e wp-block-buttons-is-layout-flex\"><\/div>\n<\/div>\n\n\n\n<div class=\"wp-block-column is-vertically-aligned-center has-border-color has-nv-dark-bg-border-color is-layout-flow wp-block-column-is-layout-flow\" style=\"border-width:8px;padding-right:var(--wp--preset--spacing--30);padding-left:var(--wp--preset--spacing--30);flex-basis:50%\">\n<ul class=\"wp-block-list\">\n<li class=\"has-nv-dark-bg-color has-text-color has-link-color has-medium-font-size wp-elements-6372f32af540838fcd2ad5869ec010e7\">Acompa\u00f1amiento tecnico para implementaci\u00f3n de sellos de calidad para cafe certificado.<\/li>\n\n\n\n<li class=\"has-nv-dark-bg-color has-text-color has-link-color has-medium-font-size wp-elements-5b1147ae22d55b6cc4be5d579f3d73e0\">Acompa\u00f1amiento y asesoramiento microempresario a las organizaciones base.<\/li>\n\n\n\n<li class=\"has-nv-dark-bg-color has-text-color has-link-color has-medium-font-size wp-elements-6cf56e4bec5cc280312b59faffa4293d\">Acompa\u00f1amiento en asistencia tecnica profesional orientada al area agricola con enfasis en la producci\u00f3n de cafes especiales.<\/li>\n\n\n\n<li class=\"has-nv-dark-bg-color has-text-color has-link-color has-medium-font-size wp-elements-2af7828e0411950459ddccc88728c09c\">Caf\u00e9s con innovaci\u00f3n social.<\/li>\n<\/ul>\n<\/div>\n<\/div>\n\n\n\n<div style=\"height:40px\" aria-hidden=\"true\" class=\"wp-block-spacer\"><\/div>\n<\/div><\/div>\n<\/div><\/div>\n\n\n\n<div class=\"wp-block-cover alignfull\" style=\"min-height:300px;aspect-ratio:unset;\"><span aria-hidden=\"true\" class=\"wp-block-cover__background has-neve-link-color-background-color has-background-dim-100 has-background-dim\"><\/span><div class=\"wp-block-cover__inner-container is-layout-flow wp-block-cover-is-layout-flow\">\n<div style=\"height:140px\" aria-hidden=\"true\" class=\"wp-block-spacer\"><\/div>\n\n\n\n<div class=\"wp-block-columns is-layout-flex wp-container-core-columns-is-layout-9d6595d7 wp-block-columns-is-layout-flex\">\n<div class=\"wp-block-column is-layout-flow wp-block-column-is-layout-flow\" style=\"flex-basis:20%\"><\/div>\n\n\n\n<div class=\"wp-block-column is-layout-flow wp-block-column-is-layout-flow\" style=\"flex-basis:60%\">\n<div class=\"wp-block-group\"><div class=\"wp-block-group__inner-container is-layout-constrained wp-block-group-is-layout-constrained\">\n<h2 class=\"wp-block-heading has-text-align-center has-nv-text-dark-bg-color has-text-color\">CONTACTO<\/h2>\n\n\n\n<p class=\"has-text-align-center has-nv-text-dark-bg-color has-text-color has-link-color wp-elements-2346a07ba85f40fcead0799a3846ac5b\">Cel: 320 207 72 42 &#8211; 322 374 72 13<\/p>\n\n\n\n<p class=\"has-text-align-center\">Correo: asprasar2016@gmail.com<\/p>\n\n\n\n<div class=\"wp-block-buttons is-horizontal is-content-justification-center is-layout-flex wp-container-core-buttons-is-layout-499968f5 wp-block-buttons-is-layout-flex\"><\/div>\n\n\n\n<ul class=\"wp-block-social-links is-content-justification-center is-layout-flex wp-container-core-social-links-is-layout-16018d1d wp-block-social-links-is-layout-flex\"><li class=\"wp-social-link wp-social-link-whatsapp  wp-block-social-link\"><a href=\"https:\/\/wa.me\/573223747213\" class=\"wp-block-social-link-anchor\"><svg width=\"24\" height=\"24\" viewBox=\"0 0 24 24\" version=\"1.1\" xmlns=\"http:\/\/www.w3.org\/2000\/svg\" aria-hidden=\"true\" focusable=\"false\"><path d=\"M 12.011719 2 C 6.5057187 2 2.0234844 6.478375 2.0214844 11.984375 C 2.0204844 13.744375 2.4814687 15.462563 3.3554688 16.976562 L 2 22 L 7.2324219 20.763672 C 8.6914219 21.559672 10.333859 21.977516 12.005859 21.978516 L 12.009766 21.978516 C 17.514766 21.978516 21.995047 17.499141 21.998047 11.994141 C 22.000047 9.3251406 20.962172 6.8157344 19.076172 4.9277344 C 17.190172 3.0407344 14.683719 2.001 12.011719 2 z M 12.009766 4 C 14.145766 4.001 16.153109 4.8337969 17.662109 6.3417969 C 19.171109 7.8517969 20.000047 9.8581875 19.998047 11.992188 C 19.996047 16.396187 16.413812 19.978516 12.007812 19.978516 C 10.674812 19.977516 9.3544062 19.642812 8.1914062 19.007812 L 7.5175781 18.640625 L 6.7734375 18.816406 L 4.8046875 19.28125 L 5.2851562 17.496094 L 5.5019531 16.695312 L 5.0878906 15.976562 C 4.3898906 14.768562 4.0204844 13.387375 4.0214844 11.984375 C 4.0234844 7.582375 7.6067656 4 12.009766 4 z M 8.4765625 7.375 C 8.3095625 7.375 8.0395469 7.4375 7.8105469 7.6875 C 7.5815469 7.9365 6.9355469 8.5395781 6.9355469 9.7675781 C 6.9355469 10.995578 7.8300781 12.182609 7.9550781 12.349609 C 8.0790781 12.515609 9.68175 15.115234 12.21875 16.115234 C 14.32675 16.946234 14.754891 16.782234 15.212891 16.740234 C 15.670891 16.699234 16.690438 16.137687 16.898438 15.554688 C 17.106437 14.971687 17.106922 14.470187 17.044922 14.367188 C 16.982922 14.263188 16.816406 14.201172 16.566406 14.076172 C 16.317406 13.951172 15.090328 13.348625 14.861328 13.265625 C 14.632328 13.182625 14.464828 13.140625 14.298828 13.390625 C 14.132828 13.640625 13.655766 14.201187 13.509766 14.367188 C 13.363766 14.534188 13.21875 14.556641 12.96875 14.431641 C 12.71875 14.305641 11.914938 14.041406 10.960938 13.191406 C 10.218937 12.530406 9.7182656 11.714844 9.5722656 11.464844 C 9.4272656 11.215844 9.5585938 11.079078 9.6835938 10.955078 C 9.7955938 10.843078 9.9316406 10.663578 10.056641 10.517578 C 10.180641 10.371578 10.223641 10.267562 10.306641 10.101562 C 10.389641 9.9355625 10.347156 9.7890625 10.285156 9.6640625 C 10.223156 9.5390625 9.737625 8.3065 9.515625 7.8125 C 9.328625 7.3975 9.131125 7.3878594 8.953125 7.3808594 C 8.808125 7.3748594 8.6425625 7.375 8.4765625 7.375 z\"><\/path><\/svg><span class=\"wp-block-social-link-label screen-reader-text\">WhatsApp<\/span><\/a><\/li>\n\n<li class=\"wp-social-link wp-social-link-facebook  wp-block-social-link\"><a href=\"https:\/\/www.facebook.com\/asprasar.bilbao\" class=\"wp-block-social-link-anchor\"><svg width=\"24\" height=\"24\" viewBox=\"0 0 24 24\" version=\"1.1\" xmlns=\"http:\/\/www.w3.org\/2000\/svg\" aria-hidden=\"true\" focusable=\"false\"><path d=\"M12 2C6.5 2 2 6.5 2 12c0 5 3.7 9.1 8.4 9.9v-7H7.9V12h2.5V9.8c0-2.5 1.5-3.9 3.8-3.9 1.1 0 2.2.2 2.2.2v2.5h-1.3c-1.2 0-1.6.8-1.6 1.6V12h2.8l-.4 2.9h-2.3v7C18.3 21.1 22 17 22 12c0-5.5-4.5-10-10-10z\"><\/path><\/svg><span class=\"wp-block-social-link-label screen-reader-text\">Facebook<\/span><\/a><\/li><\/ul>\n<\/div><\/div>\n<\/div>\n\n\n\n<div class=\"wp-block-column is-layout-flow wp-block-column-is-layout-flow\" style=\"flex-basis:20%\"><\/div>\n<\/div>\n\n\n\n<div style=\"height:140px\" aria-hidden=\"true\" class=\"wp-block-spacer\"><\/div>\n<\/div><\/div>\n","protected":false},"excerpt":{"rendered":"<p>Mision Vision Productos y servicios<\/p>\n","protected":false},"author":1,"featured_media":0,"parent":0,"menu_order":0,"comment_status":"closed","ping_status":"closed","template":"","meta":{"neve_meta_sidebar":"","neve_meta_container":"","neve_meta_enable_content_width":"on","neve_meta_content_width":100,"neve_meta_title_alignment":"","neve_meta_author_avatar":"","neve_post_elements_order":"","neve_meta_disable_header":"","neve_meta_disable_footer":"","neve_meta_disable_title":"on","footnotes":""},"class_list":["post-7","page","type-page","status-publish","hentry"],"_links":{"self":[{"href":"https:\/\/asprasar.com.co\/index.php\/wp-json\/wp\/v2\/pages\/7","targetHints":{"allow":["GET"]}}],"collection":[{"href":"https:\/\/asprasar.com.co\/index.php\/wp-json\/wp\/v2\/pages"}],"about":[{"href":"https:\/\/asprasar.com.co\/index.php\/wp-json\/wp\/v2\/types\/page"}],"author":[{"embeddable":true,"href":"https:\/\/asprasar.com.co\/index.php\/wp-json\/wp\/v2\/users\/1"}],"replies":[{"embeddable":true,"href":"https:\/\/asprasar.com.co\/index.php\/wp-json\/wp\/v2\/comments?post=7"}],"version-history":[{"count":52,"href":"https:\/\/asprasar.com.co\/index.php\/wp-json\/wp\/v2\/pages\/7\/revisions"}],"predecessor-version":[{"id":123,"href":"https:\/\/asprasar.com.co\/index.php\/wp-json\/wp\/v2\/pages\/7\/revisions\/123"}],"wp:attachment":[{"href":"https:\/\/asprasar.com.co\/index.php\/wp-json\/wp\/v2\/media?parent=7"}],"curies":[{"name":"wp","href":"https:\/\/api.w.org\/{rel}","templated":true}]}}